{"id":6926,"date":"2022-09-21T15:07:14","date_gmt":"2022-09-21T13:07:14","guid":{"rendered":"https:\/\/www.bundesverband-flachglas.de\/termine-tabs\/"},"modified":"2024-07-18T13:16:22","modified_gmt":"2024-07-18T11:16:22","slug":"termine-tabs","status":"publish","type":"page","link":"https:\/\/www.bundesverband-flachglas.de\/en\/termine-tabs\/","title":{"rendered":"Termine-Tabs"},"content":{"rendered":"<div class=\"fusion-fullwidth fullwidth-box fusion-builder-row-1 fusion-flex-container has-pattern-background has-mask-background nonhundred-percent-fullwidth non-hundred-percent-height-scrolling\" style=\"--awb-border-radius-top-left:0px;--awb-border-radius-top-right:0px;--awb-border-radius-bottom-right:0px;--awb-border-radius-bottom-left:0px;--awb-flex-wrap:wrap;\" ><div class=\"fusion-builder-row fusion-row fusion-flex-align-items-flex-start fusion-flex-content-wrap\" style=\"max-width:1216.8px;margin-left: calc(-4% \/ 2 );margin-right: calc(-4% \/ 2 );\"><div class=\"fusion-layout-column fusion_builder_column fusion-builder-column-0 fusion_builder_column_1_1 1_1 fusion-flex-column\" style=\"--awb-bg-size:cover;--awb-width-large:100%;--awb-margin-top-large:0px;--awb-spacing-right-large:1.92%;--awb-margin-bottom-large:20px;--awb-spacing-left-large:1.92%;--awb-width-medium:100%;--awb-order-medium:0;--awb-spacing-right-medium:1.92%;--awb-spacing-left-medium:1.92%;--awb-width-small:100%;--awb-order-small:0;--awb-spacing-right-small:1.92%;--awb-spacing-left-small:1.92%;\"><div class=\"fusion-column-wrapper fusion-column-has-shadow fusion-flex-justify-content-flex-start fusion-content-layout-column\"><div class=\"fusion-tabs fusion-tabs-1 classic nav-is-justified horizontal-tabs icon-position-left mobile-mode-accordion\" style=\"--icon-color:var(--awb-color5);--awb-title-border-radius-top-left:0px;--awb-title-border-radius-top-right:0px;--awb-title-border-radius-bottom-right:0px;--awb-title-border-radius-bottom-left:0px;--awb-content-padding-top:5%;--awb-content-padding-right:10%;--awb-content-padding-bottom:5%;--awb-content-padding-left:10%;--awb-alignment:start;--awb-inactive-color:var(--awb-color2);--awb-background-color:var(--awb-color1);--awb-border-color:var(--awb-color3);--awb-active-border-color:#008246;\"><div class=\"nav\"><ul class=\"nav-tabs nav-justified\" role=\"tablist\"><li class=\"active\" role=\"presentation\"><a class=\"tab-link\" data-toggle=\"tab\" role=\"tab\" aria-controls=\"tab-96b5af2fe5e9a2202bd\" aria-selected=\"true\" id=\"fusion-tab-workshops\/events\" href=\"#tab-96b5af2fe5e9a2202bd\"><h4 class=\"fusion-tab-heading\"><i class=\"fontawesome-icon fa-head-side-virus fas\" aria-hidden=\"true\" style=\"font-size:16px;\"><\/i>Workshops\/Events<\/h4><\/a><\/li><li role=\"presentation\"><a class=\"tab-link\" data-toggle=\"tab\" role=\"tab\" aria-controls=\"tab-1ca88537c2e51868a87\" aria-selected=\"false\" tabindex=\"-1\" id=\"fusion-tab-webinare\" href=\"#tab-1ca88537c2e51868a87\"><h4 class=\"fusion-tab-heading\"><i class=\"fontawesome-icon fa-headset fas\" aria-hidden=\"true\" style=\"font-size:16px;\"><\/i>Webinare<\/h4><\/a><\/li><li role=\"presentation\"><a class=\"tab-link\" data-toggle=\"tab\" role=\"tab\" aria-controls=\"tab-40c4728774de9468bd9\" aria-selected=\"false\" tabindex=\"-1\" id=\"fusion-tab-bfsitzungen\" href=\"#tab-40c4728774de9468bd9\"><h4 class=\"fusion-tab-heading\"><i class=\"fontawesome-icon fa-users fas\" aria-hidden=\"true\" style=\"font-size:16px;\"><\/i>BF Sitzungen<\/h4><\/a><\/li><li role=\"presentation\"><a class=\"tab-link\" data-toggle=\"tab\" role=\"tab\" aria-controls=\"tab-21f4387f1c0fef0f94e\" aria-selected=\"false\" tabindex=\"-1\" id=\"fusion-tab-glaskongress\" href=\"#tab-21f4387f1c0fef0f94e\"><h4 class=\"fusion-tab-heading\"><i class=\"fontawesome-icon fa-people-arrows fas\" aria-hidden=\"true\" style=\"font-size:16px;\"><\/i>GLASKONGRESS<\/h4><\/a><\/li><\/ul><\/div><div class=\"tab-content\"><div class=\"nav fusion-mobile-tab-nav\"><ul class=\"nav-tabs nav-justified\" role=\"tablist\"><li class=\"active\" role=\"presentation\"><a class=\"tab-link\" data-toggle=\"tab\" role=\"tab\" aria-controls=\"tab-96b5af2fe5e9a2202bd\" aria-selected=\"true\" id=\"mobile-fusion-tab-workshops\/events\" href=\"#tab-96b5af2fe5e9a2202bd\"><h4 class=\"fusion-tab-heading\"><i class=\"fontawesome-icon fa-head-side-virus fas\" aria-hidden=\"true\" style=\"font-size:16px;\"><\/i>Workshops\/Events<\/h4><\/a><\/li><\/ul><\/div><div class=\"tab-pane fade fusion-clearfix in active\" role=\"tabpanel\" tabindex=\"0\" aria-labelledby=\"fusion-tab-workshops\/events\" id=\"tab-96b5af2fe5e9a2202bd\">\n<div id=\"c5457\" class=\"frame frame-indent frame-type-header frame-layout-0 frame-space-before-extra-small\">\n<header>\n<h1 class=\"\">Neuer BF-Workshop \u201eMarktentwicklung 2023 ff.\u201c<\/h1>\n<\/header>\n<\/div>\n<div id=\"c5456\" class=\"frame frame-indent frame-type-textpic frame-layout-0\">\n<div class=\"ce-textpic ce-center ce-above\">\n<div class=\"ce-bodytext\">\n<p>Welche Trends und Treiber werden in den n\u00e4chsten Jahren relevant sein, und was bedeutet das f\u00fcr unsere Produkte und M\u00e4rkte? Diesen Fragen m\u00f6chten wir uns gemeinsam in einer neuen Workshop-Reihe widmen.<br \/>\n<strong>Die Teilnahme ist kostenlos, aber exklusiv f\u00fcr BF-Mitglieder und -F\u00f6rdermitglieder vorgesehen.<\/strong> Aktuelle Termine werden hier bekannt gegeben.<\/p>\n<\/div>\n<\/div>\n<\/div>\n<div id=\"c5456\" class=\"frame frame-indent frame-type-textpic frame-layout-0\">\n<div class=\"ce-textpic ce-center ce-above\">\n<div id=\"c5449\" class=\"frame frame-indent frame-type-textpic frame-layout-0\">\n<div class=\"ce-textpic ce-center ce-above\">\n<div class=\"ce-bodytext\">\n<div class=\"fusion-separator fusion-full-width-sep\" style=\"align-self: center;margin-left: auto;margin-right: auto;margin-top:50px;margin-bottom:50px;width:100%;\"><div class=\"fusion-separator-border sep-single sep-solid\" style=\"--awb-height:20px;--awb-amount:20px;border-color:var(--awb-color3);border-top-width:1px;\"><\/div><\/div>\n<h1>BF Mitgliederreise nach New York City<br \/>\n01. Oktober 2023 &#8211; 05. Oktober 2023<\/h1>\n<div class=\"fusion-separator fusion-full-width-sep\" style=\"align-self: center;margin-left: auto;margin-right: auto;margin-top:50px;margin-bottom:50px;width:100%;\"><div class=\"fusion-separator-border sep-single sep-solid\" style=\"--awb-height:20px;--awb-amount:20px;border-color:var(--awb-color3);border-top-width:1px;\"><\/div><\/div>\n<h1>BF Mitgliederreise nach New York City &#8211; optionale Verl\u00e4ngerung<br \/>\n06. Oktober 2023 &#8211; 09. Oktober 2023<\/h1>\n<div class=\"fusion-separator fusion-full-width-sep\" style=\"align-self: center;margin-left: auto;margin-right: auto;margin-top:50px;margin-bottom:50px;width:100%;\"><div class=\"fusion-separator-border sep-single sep-solid\" style=\"--awb-height:20px;--awb-amount:20px;border-color:var(--awb-color3);border-top-width:1px;\"><\/div><\/div>\n<\/div>\n<\/div>\n<\/div>\n<\/div>\n<\/div>\n<\/div><div class=\"nav fusion-mobile-tab-nav\"><ul class=\"nav-tabs nav-justified\" role=\"tablist\"><li role=\"presentation\"><a class=\"tab-link\" data-toggle=\"tab\" role=\"tab\" aria-controls=\"tab-1ca88537c2e51868a87\" aria-selected=\"false\" tabindex=\"-1\" id=\"mobile-fusion-tab-webinare\" href=\"#tab-1ca88537c2e51868a87\"><h4 class=\"fusion-tab-heading\"><i class=\"fontawesome-icon fa-headset fas\" aria-hidden=\"true\" style=\"font-size:16px;\"><\/i>Webinare<\/h4><\/a><\/li><\/ul><\/div><div class=\"tab-pane fade fusion-clearfix\" role=\"tabpanel\" tabindex=\"0\" aria-labelledby=\"fusion-tab-webinare\" id=\"tab-1ca88537c2e51868a87\">\n<p><span style=\"color: #008000;\"><strong>Webinar &#8220;Marktentwicklung&#8221; am 3.6.2024, 13.00 &#8211; 14.00 Uhr<\/strong><\/span><br \/>\n<span class=\"break-words tvm-parent-container\"><span dir=\"ltr\">Philipp Szelest und Robin Huth, B+L Marktdaten GmbH &#8211; construction market research, werden die neuen &#8211; wie allj\u00e4hrlich f\u00fcr den BF &#8211; erstellten B+L Daten f\u00fcr den deutschen Flachglasmarkt vorstellen. Frank Lange wird in seinem kurzen Beitrag aktuelle Fenstermarkt-Daten vorstellen.<\/span><\/span><\/p>\n<p>F\u00fcr BF-Mitglieder und -F\u00f6rdermitglieder\u00a0ist die\u00a0Teilnahme kostenlos; f\u00fcr alle anderen betragen die\u00a0Kosten EUR 95,-.<\/p>\n<p>Nach den Pr\u00e4sentationen wird ausreichend Raum f\u00fcr Ihre Fragen sein. Wir freuen uns auf Ihre Anmeldung! Den Link zur Anmeldung finden Sie hier <a class=\"app-aware-link \" href=\"https:\/\/bit.ly\/3ysQkId\" target=\"_self\" rel=\"noopener\" data-test-app-aware-link=\"\">https:\/\/bit.ly\/3ysQkId<\/a><\/p>\n<\/div><div class=\"nav fusion-mobile-tab-nav\"><ul class=\"nav-tabs nav-justified\" role=\"tablist\"><li role=\"presentation\"><a class=\"tab-link\" data-toggle=\"tab\" role=\"tab\" aria-controls=\"tab-40c4728774de9468bd9\" aria-selected=\"false\" tabindex=\"-1\" id=\"mobile-fusion-tab-bfsitzungen\" href=\"#tab-40c4728774de9468bd9\"><h4 class=\"fusion-tab-heading\"><i class=\"fontawesome-icon fa-users fas\" aria-hidden=\"true\" style=\"font-size:16px;\"><\/i>BF Sitzungen<\/h4><\/a><\/li><\/ul><\/div><div class=\"tab-pane fade fusion-clearfix\" role=\"tabpanel\" tabindex=\"0\" aria-labelledby=\"fusion-tab-bfsitzungen\" id=\"tab-40c4728774de9468bd9\">\n<h2>Sitzung des &#8220;Ausschuss Technik&#8221;<br \/>\n22. November 2022, 09:00 &#8211; 13:00<\/h2>\n<p>Bundesverband Flachglas e.V., M\u00fclheimer Stra\u00dfe 1, 53840 Troisdorf<\/p>\n<h2><div class=\"fusion-separator fusion-full-width-sep\" style=\"align-self: center;margin-left: auto;margin-right: auto;margin-top:30px;margin-bottom:30px;width:100%;\"><div class=\"fusion-separator-border sep-single sep-solid\" style=\"--awb-height:20px;--awb-amount:20px;border-color:var(--awb-color3);border-top-width:1px;\"><\/div><\/div>\nSitzung des BF-Vorstands<br \/>\n30. November 2022, 09:00 &#8211; 15:00<\/h2>\n<p>Bundesverband Flachglas e.V., M\u00fclheimer Stra\u00dfe 1, 53840 Troisdorf<\/p>\n<h2><div class=\"fusion-separator fusion-full-width-sep\" style=\"align-self: center;margin-left: auto;margin-right: auto;margin-top:30px;margin-bottom:30px;width:100%;\"><div class=\"fusion-separator-border sep-single sep-solid\" style=\"--awb-height:20px;--awb-amount:20px;border-color:var(--awb-color3);border-top-width:1px;\"><\/div><\/div><\/h2>\n<\/div><div class=\"nav fusion-mobile-tab-nav\"><ul class=\"nav-tabs nav-justified\" role=\"tablist\"><li role=\"presentation\"><a class=\"tab-link\" data-toggle=\"tab\" role=\"tab\" aria-controls=\"tab-21f4387f1c0fef0f94e\" aria-selected=\"false\" tabindex=\"-1\" id=\"mobile-fusion-tab-glaskongress\" href=\"#tab-21f4387f1c0fef0f94e\"><h4 class=\"fusion-tab-heading\"><i class=\"fontawesome-icon fa-people-arrows fas\" aria-hidden=\"true\" style=\"font-size:16px;\"><\/i>GLASKONGRESS<\/h4><\/a><\/li><\/ul><\/div><div class=\"tab-pane fade fusion-clearfix\" role=\"tabpanel\" tabindex=\"0\" aria-labelledby=\"fusion-tab-glaskongress\" id=\"tab-21f4387f1c0fef0f94e\">\n<h2><img decoding=\"async\" class=\"lazyload alignnone wp-image-5036\" src=\"https:\/\/www.bundesverband-flachglas.de\/wp-content\/uploads\/muenster-stadtmotiv.jpg\" data-orig-src=\"https:\/\/www.bundesverband-flachglas.de\/wp-content\/uploads\/muenster-stadtmotiv.jpg\" alt=\"\" width=\"377\" height=\"251\" srcset=\"data:image\/svg+xml,%3Csvg%20xmlns%3D%27http%3A%2F%2Fwww.w3.org%2F2000%2Fsvg%27%20width%3D%27377%27%20height%3D%27251%27%20viewBox%3D%270%200%20377%20251%27%3E%3Crect%20width%3D%27377%27%20height%3D%27251%27%20fill-opacity%3D%220%22%2F%3E%3C%2Fsvg%3E\" data-srcset=\"https:\/\/www.bundesverband-flachglas.de\/wp-content\/uploads\/muenster-stadtmotiv-200x133.jpg 200w, https:\/\/www.bundesverband-flachglas.de\/wp-content\/uploads\/muenster-stadtmotiv-300x200.jpg 300w, https:\/\/www.bundesverband-flachglas.de\/wp-content\/uploads\/muenster-stadtmotiv-400x267.jpg 400w, https:\/\/www.bundesverband-flachglas.de\/wp-content\/uploads\/muenster-stadtmotiv.jpg 600w\" data-sizes=\"auto\" data-orig-sizes=\"(max-width: 377px) 100vw, 377px\" \/><\/h2>\n<h2>Der GLASKONGRESS2023 f\u00fchrt uns vom 26. &#8211; 27. April nach M\u00fcnster!<\/h2>\n<p>Weitere Informationen folgen bald&#8230;<\/p>\n<\/div><\/div><\/div><\/div><\/div><\/div><\/div>\n","protected":false},"excerpt":{"rendered":"","protected":false},"author":1,"featured_media":0,"parent":0,"menu_order":0,"comment_status":"closed","ping_status":"closed","template":"","meta":{"footnotes":""},"class_list":["post-6926","page","type-page","status-publish","hentry"],"_links":{"self":[{"href":"https:\/\/www.bundesverband-flachglas.de\/en\/wp-json\/wp\/v2\/pages\/6926","targetHints":{"allow":["GET"]}}],"collection":[{"href":"https:\/\/www.bundesverband-flachglas.de\/en\/wp-json\/wp\/v2\/pages"}],"about":[{"href":"https:\/\/www.bundesverband-flachglas.de\/en\/wp-json\/wp\/v2\/types\/page"}],"author":[{"embeddable":true,"href":"https:\/\/www.bundesverband-flachglas.de\/en\/wp-json\/wp\/v2\/users\/1"}],"replies":[{"embeddable":true,"href":"https:\/\/www.bundesverband-flachglas.de\/en\/wp-json\/wp\/v2\/comments?post=6926"}],"version-history":[{"count":7,"href":"https:\/\/www.bundesverband-flachglas.de\/en\/wp-json\/wp\/v2\/pages\/6926\/revisions"}],"predecessor-version":[{"id":11647,"href":"https:\/\/www.bundesverband-flachglas.de\/en\/wp-json\/wp\/v2\/pages\/6926\/revisions\/11647"}],"wp:attachment":[{"href":"https:\/\/www.bundesverband-flachglas.de\/en\/wp-json\/wp\/v2\/media?parent=6926"}],"curies":[{"name":"wp","href":"https:\/\/api.w.org\/{rel}","templated":true}]}}