{"id":6567,"date":"2022-11-11T13:58:58","date_gmt":"2022-11-11T12:58:58","guid":{"rendered":"https:\/\/www.bundesverband-flachglas.de\/bildnachweis\/"},"modified":"2022-11-11T14:19:38","modified_gmt":"2022-11-11T13:19:38","slug":"bildnachweis","status":"publish","type":"page","link":"https:\/\/www.bundesverband-flachglas.de\/en\/bildnachweis\/","title":{"rendered":"Bildnachweis"},"content":{"rendered":"<div class=\"fusion-fullwidth fullwidth-box fusion-builder-row-1 fusion-flex-container has-pattern-background has-mask-background nonhundred-percent-fullwidth non-hundred-percent-height-scrolling\" style=\"--awb-border-radius-top-left:0px;--awb-border-radius-top-right:0px;--awb-border-radius-bottom-right:0px;--awb-border-radius-bottom-left:0px;--awb-flex-wrap:wrap;\" ><div class=\"fusion-builder-row fusion-row fusion-flex-align-items-flex-start fusion-flex-content-wrap\" style=\"max-width:1216.8px;margin-left: calc(-4% \/ 2 );margin-right: calc(-4% \/ 2 );\"><div class=\"fusion-layout-column fusion_builder_column fusion-builder-column-0 fusion_builder_column_1_1 1_1 fusion-flex-column\" style=\"--awb-bg-size:cover;--awb-width-large:100%;--awb-margin-top-large:0px;--awb-spacing-right-large:1.92%;--awb-margin-bottom-large:20px;--awb-spacing-left-large:1.92%;--awb-width-medium:100%;--awb-order-medium:0;--awb-spacing-right-medium:1.92%;--awb-spacing-left-medium:1.92%;--awb-width-small:100%;--awb-order-small:0;--awb-spacing-right-small:1.92%;--awb-spacing-left-small:1.92%;\"><div class=\"fusion-column-wrapper fusion-column-has-shadow fusion-flex-justify-content-flex-start fusion-content-layout-column\"><div class=\"fusion-text fusion-text-1\"><h1>Credits<\/h1>\n<\/div><div class=\"fusion-text fusion-text-2\"><p><strong>Startseite<\/strong><br \/>\nAdobe Stock, #143066036, drdonut<br \/>\nAdobe Stock, #357127434, kichigin19<br \/>\nAdobe Stock, #84351069, zhu difeng<br \/>\nAdobe Stock, #64933507, philipus<\/p>\n<p><strong>Seite &#8220;Aufgaben und Ziele&#8221;<\/strong><br \/>\nHufton + Crow<\/p>\n<p><strong>Seite &#8220;Organigramm&#8221;<\/strong><br \/>\nAdobe Stock, #396644480, Funtap<\/p>\n<p><strong>Seite &#8220;Vorstand&#8221;<\/strong><br \/>\nBF\/OKALUX Glastechnik GmbH\/ L weneck + Sch\u00e4fer Architekten GmbH<\/p>\n<p><strong>Seite &#8220;Arbeitskreise&#8221;<\/strong><br \/>\nSemcoglas Holding GmbH<\/p>\n<p><strong>Seite &#8220;Gesch\u00e4ftsstelle&#8221;<\/strong><br \/>\nBF\/OKALUX Glastechnik GmbH\/ Aman Resorts<\/p>\n<p><strong>Seite &#8220;Partner&#8221;<\/strong><br \/>\nAdobe Stock, #161033718, Atstock Productions<\/p>\n<p><strong>Seite &#8220;Repr\u00e4sentanz Transparente Geb\u00e4udeh\u00fclle&#8221;<\/strong><br \/>\nBF\/OKALUX Glastechnik GmbH\/ The Architectural Services Department, HKSAR Government<\/p>\n<p><strong>Seite &#8220;\u00dcber die Mitglieder&#8221;<\/strong><br \/>\nAdobe Stock, #447486382, rh2010<\/p>\n<\/div><\/div><\/div><\/div><\/div>\n","protected":false},"excerpt":{"rendered":"","protected":false},"author":1,"featured_media":0,"parent":0,"menu_order":0,"comment_status":"closed","ping_status":"closed","template":"","meta":{"footnotes":""},"class_list":["post-6567","page","type-page","status-publish","hentry"],"_links":{"self":[{"href":"https:\/\/www.bundesverband-flachglas.de\/en\/wp-json\/wp\/v2\/pages\/6567","targetHints":{"allow":["GET"]}}],"collection":[{"href":"https:\/\/www.bundesverband-flachglas.de\/en\/wp-json\/wp\/v2\/pages"}],"about":[{"href":"https:\/\/www.bundesverband-flachglas.de\/en\/wp-json\/wp\/v2\/types\/page"}],"author":[{"embeddable":true,"href":"https:\/\/www.bundesverband-flachglas.de\/en\/wp-json\/wp\/v2\/users\/1"}],"replies":[{"embeddable":true,"href":"https:\/\/www.bundesverband-flachglas.de\/en\/wp-json\/wp\/v2\/comments?post=6567"}],"version-history":[{"count":1,"href":"https:\/\/www.bundesverband-flachglas.de\/en\/wp-json\/wp\/v2\/pages\/6567\/revisions"}],"predecessor-version":[{"id":6568,"href":"https:\/\/www.bundesverband-flachglas.de\/en\/wp-json\/wp\/v2\/pages\/6567\/revisions\/6568"}],"wp:attachment":[{"href":"https:\/\/www.bundesverband-flachglas.de\/en\/wp-json\/wp\/v2\/media?parent=6567"}],"curies":[{"name":"wp","href":"https:\/\/api.w.org\/{rel}","templated":true}]}}