{"id":6370,"date":"2022-11-04T13:52:53","date_gmt":"2022-11-04T12:52:53","guid":{"rendered":"https:\/\/www.bundesverband-flachglas.de\/ueber-uns-auswahl\/"},"modified":"2025-08-27T12:54:44","modified_gmt":"2025-08-27T10:54:44","slug":"about-us-selection","status":"publish","type":"page","link":"https:\/\/www.bundesverband-flachglas.de\/en\/about-us-selection\/","title":{"rendered":"About us"},"content":{"rendered":"<div class=\"fusion-fullwidth fullwidth-box fusion-builder-row-1 fusion-flex-container has-pattern-background has-mask-background nonhundred-percent-fullwidth non-hundred-percent-height-scrolling\" style=\"--awb-border-radius-top-left:0px;--awb-border-radius-top-right:0px;--awb-border-radius-bottom-right:0px;--awb-border-radius-bottom-left:0px;--awb-flex-wrap:wrap;\" ><div class=\"fusion-builder-row fusion-row fusion-flex-align-items-flex-start fusion-flex-content-wrap\" style=\"max-width:1216.8px;margin-left: calc(-4% \/ 2 );margin-right: calc(-4% \/ 2 );\"><div class=\"fusion-layout-column fusion_builder_column fusion-builder-column-0 fusion_builder_column_1_1 1_1 fusion-flex-column\" style=\"--awb-bg-size:cover;--awb-border-color:var(--awb-color4);--awb-border-top:1px;--awb-border-bottom:1px;--awb-border-style:solid;--awb-width-large:100%;--awb-margin-top-large:0px;--awb-spacing-right-large:1.92%;--awb-margin-bottom-large:40px;--awb-spacing-left-large:1.92%;--awb-width-medium:100%;--awb-order-medium:0;--awb-spacing-right-medium:1.92%;--awb-spacing-left-medium:1.92%;--awb-width-small:100%;--awb-order-small:0;--awb-spacing-right-small:1.92%;--awb-spacing-left-small:1.92%;\"><div class=\"fusion-column-wrapper fusion-column-has-shadow fusion-flex-justify-content-flex-start fusion-content-layout-column\"><div class=\"fusion-text fusion-text-1\"><h1>About us<\/h1>\n<\/div><\/div><\/div><div class=\"fusion-layout-column fusion_builder_column fusion-builder-column-1 fusion_builder_column_1_1 1_1 fusion-flex-column\" style=\"--awb-bg-size:cover;--awb-width-large:100%;--awb-margin-top-large:0px;--awb-spacing-right-large:1.92%;--awb-margin-bottom-large:20px;--awb-spacing-left-large:1.92%;--awb-width-medium:100%;--awb-order-medium:0;--awb-spacing-right-medium:1.92%;--awb-spacing-left-medium:1.92%;--awb-width-small:100%;--awb-order-small:0;--awb-spacing-right-small:1.92%;--awb-spacing-left-small:1.92%;\"><div class=\"fusion-column-wrapper fusion-column-has-shadow fusion-flex-justify-content-flex-start fusion-content-layout-column\"><div class=\"fusion-content-boxes content-boxes columns row fusion-columns-2 fusion-columns-total-7 fusion-content-boxes-1 content-boxes-icon-on-top content-left\" style=\"--awb-backgroundcolor:var(--awb-color4);--awb-title-color:var(--awb-color1);--awb-hover-accent-color:var(--awb-color5);--awb-circle-hover-accent-color:transparent;\" data-animationOffset=\"top-into-view\"><div style=\"--awb-backgroundcolor:var(--awb-color4);--awb-iconcolor:var(--awb-color5);\" class=\"fusion-column content-box-column content-box-column content-box-column-1 col-lg-6 col-md-6 col-sm-6 fusion-content-box-hover content-box-column-first-in-row\"><div class=\"col content-box-wrapper content-wrapper-background link-area-box link-type-text icon-hover-animation-slide\" data-link=\"https:\/\/www.bundesverband-flachglas.de\/en\/tasks-and-goals\/\" data-link-target=\"_self\" data-animationOffset=\"top-into-view\"><div class=\"heading heading-with-icon icon-left\"><a class=\"heading-link\" href=\"https:\/\/www.bundesverband-flachglas.de\/en\/tasks-and-goals\/\" target=\"_self\"><div class=\"icon\"><i style=\"background-color:transparent;border-color:transparent;height:auto;width: 21px;line-height:normal;font-size:21px;\" aria-hidden=\"true\" class=\"fontawesome-icon fa-tasks fas circle-no\"><\/i><\/div><h2 class=\"content-box-heading\" style=\"--h2_typography-font-size:24px;line-height:29px;\">Tasks &amp; Goals<\/h2><\/a><\/div><\/div><\/div><div style=\"--awb-backgroundcolor:var(--awb-color4);--awb-iconcolor:var(--awb-color5);\" class=\"fusion-column content-box-column content-box-column content-box-column-2 col-lg-6 col-md-6 col-sm-6 fusion-content-box-hover content-box-column-last-in-row\"><div class=\"col content-box-wrapper content-wrapper-background link-area-box link-type-text icon-hover-animation-slide\" data-link=\"https:\/\/www.bundesverband-flachglas.de\/en\/organigramm\/\" data-link-target=\"_self\" data-animationOffset=\"top-into-view\"><div class=\"heading heading-with-icon icon-left\"><a class=\"heading-link\" href=\"https:\/\/www.bundesverband-flachglas.de\/en\/organigramm\/\" target=\"_self\"><div class=\"icon\"><i style=\"background-color:transparent;border-color:transparent;height:auto;width: 21px;line-height:normal;font-size:21px;\" aria-hidden=\"true\" class=\"fontawesome-icon fa-sitemap fas circle-no\"><\/i><\/div><h2 class=\"content-box-heading\" style=\"--h2_typography-font-size:24px;line-height:29px;\">Organisation<\/h2><\/a><\/div><\/div><\/div><div style=\"--awb-backgroundcolor:var(--awb-color4);--awb-iconcolor:var(--awb-color5);\" class=\"fusion-column content-box-column content-box-column content-box-column-3 col-lg-6 col-md-6 col-sm-6 fusion-content-box-hover content-box-column-first-in-row\"><div class=\"col content-box-wrapper content-wrapper-background link-area-box link-type-text icon-hover-animation-slide\" data-link=\"https:\/\/www.bundesverband-flachglas.de\/en\/executive-board\/\" data-link-target=\"_self\" data-animationOffset=\"top-into-view\"><div class=\"heading heading-with-icon icon-left\"><a class=\"heading-link\" href=\"https:\/\/www.bundesverband-flachglas.de\/en\/executive-board\/\" target=\"_self\"><div class=\"icon\"><i style=\"background-color:transparent;border-color:transparent;height:auto;width: 21px;line-height:normal;font-size:21px;\" aria-hidden=\"true\" class=\"fontawesome-icon fa-user-tie fas circle-no\"><\/i><\/div><h2 class=\"content-box-heading\" style=\"--h2_typography-font-size:24px;line-height:29px;\">Executive Board<\/h2><\/a><\/div><\/div><\/div><div style=\"--awb-backgroundcolor:var(--awb-color4);--awb-iconcolor:var(--awb-color5);\" class=\"fusion-column content-box-column content-box-column content-box-column-4 col-lg-6 col-md-6 col-sm-6 fusion-content-box-hover content-box-column-last-in-row\"><div class=\"col content-box-wrapper content-wrapper-background link-area-box link-type-text icon-hover-animation-slide\" data-link=\"https:\/\/www.bundesverband-flachglas.de\/en\/working-groups\/\" data-link-target=\"_self\" data-animationOffset=\"top-into-view\"><div class=\"heading heading-with-icon icon-left\"><a class=\"heading-link\" href=\"https:\/\/www.bundesverband-flachglas.de\/en\/working-groups\/\" target=\"_self\"><div class=\"icon\"><i style=\"background-color:transparent;border-color:transparent;height:auto;width: 21px;line-height:normal;font-size:21px;\" aria-hidden=\"true\" class=\"fontawesome-icon fa-users-cog fas circle-no\"><\/i><\/div><h2 class=\"content-box-heading\" style=\"--h2_typography-font-size:24px;line-height:29px;\">Working Groups<\/h2><\/a><\/div><\/div><\/div><div style=\"--awb-backgroundcolor:var(--awb-color4);--awb-iconcolor:var(--awb-color5);\" class=\"fusion-column content-box-column content-box-column content-box-column-5 col-lg-6 col-md-6 col-sm-6 fusion-content-box-hover content-box-column-first-in-row\"><div class=\"col content-box-wrapper content-wrapper-background link-area-box link-type-text icon-hover-animation-slide\" data-link=\"https:\/\/www.bundesverband-flachglas.de\/en\/partners\/\" data-link-target=\"_self\" data-animationOffset=\"top-into-view\"><div class=\"heading heading-with-icon icon-left\"><a class=\"heading-link\" href=\"https:\/\/www.bundesverband-flachglas.de\/en\/partners\/\" target=\"_self\"><div class=\"icon\"><i style=\"background-color:transparent;border-color:transparent;height:auto;width: 21px;line-height:normal;font-size:21px;\" aria-hidden=\"true\" class=\"fontawesome-icon fa-handshake fas circle-no\"><\/i><\/div><h2 class=\"content-box-heading\" style=\"--h2_typography-font-size:24px;line-height:29px;\">Our Partners<\/h2><\/a><\/div><\/div><\/div><div style=\"--awb-backgroundcolor:var(--awb-color4);--awb-iconcolor:var(--awb-color5);\" class=\"fusion-column content-box-column content-box-column content-box-column-6 col-lg-6 col-md-6 col-sm-6 fusion-content-box-hover content-box-column-last-in-row\"><div class=\"col content-box-wrapper content-wrapper-background link-area-box link-type-text icon-hover-animation-slide\" data-link=\"https:\/\/www.bundesverband-flachglas.de\/en\/headquarter\/\" data-link-target=\"_self\" data-animationOffset=\"top-into-view\"><div class=\"heading heading-with-icon icon-left\"><a class=\"heading-link\" href=\"https:\/\/www.bundesverband-flachglas.de\/en\/headquarter\/\" target=\"_self\"><div class=\"icon\"><i style=\"background-color:transparent;border-color:transparent;height:auto;width: 21px;line-height:normal;font-size:21px;\" aria-hidden=\"true\" class=\"fontawesome-icon fa-store-alt fas circle-no\"><\/i><\/div><h2 class=\"content-box-heading\" style=\"--h2_typography-font-size:24px;line-height:29px;\">Headquarter<\/h2><\/a><\/div><\/div><\/div><div style=\"--awb-backgroundcolor:var(--awb-color4);--awb-iconcolor:var(--awb-color5);\" class=\"fusion-column content-box-column content-box-column content-box-column-7 col-lg-6 col-md-6 col-sm-6 fusion-content-box-hover content-box-column-first-in-row content-box-column-last\"><div class=\"col content-box-wrapper content-wrapper-background link-area-box link-type-text icon-hover-animation-slide\" data-link=\"https:\/\/www.bundesverband-flachglas.de\/en\/repraesentanz-transparente-gebaeudehuelle\/\" data-link-target=\"_self\" data-animationOffset=\"top-into-view\"><div class=\"heading heading-with-icon icon-left\"><a class=\"heading-link\" href=\"https:\/\/www.bundesverband-flachglas.de\/en\/repraesentanz-transparente-gebaeudehuelle\/\" target=\"_self\"><div class=\"icon\"><i style=\"background-color:transparent;border-color:transparent;height:auto;width: 21px;line-height:normal;font-size:21px;\" aria-hidden=\"true\" class=\"fontawesome-icon fa-hotel fas circle-no\"><\/i><\/div><h2 class=\"content-box-heading\" style=\"--h2_typography-font-size:24px;line-height:29px;\">Repr\u00e4sentanz Transparente Geb\u00e4udeh\u00fclle<\/h2><\/a><\/div><\/div><\/div><div class=\"fusion-clearfix\"><\/div><\/div><\/div><\/div><\/div><\/div>\n","protected":false},"excerpt":{"rendered":"","protected":false},"author":1,"featured_media":0,"parent":0,"menu_order":0,"comment_status":"closed","ping_status":"closed","template":"","meta":{"footnotes":""},"class_list":["post-6370","page","type-page","status-publish","hentry"],"_links":{"self":[{"href":"https:\/\/www.bundesverband-flachglas.de\/en\/wp-json\/wp\/v2\/pages\/6370","targetHints":{"allow":["GET"]}}],"collection":[{"href":"https:\/\/www.bundesverband-flachglas.de\/en\/wp-json\/wp\/v2\/pages"}],"about":[{"href":"https:\/\/www.bundesverband-flachglas.de\/en\/wp-json\/wp\/v2\/types\/page"}],"author":[{"embeddable":true,"href":"https:\/\/www.bundesverband-flachglas.de\/en\/wp-json\/wp\/v2\/users\/1"}],"replies":[{"embeddable":true,"href":"https:\/\/www.bundesverband-flachglas.de\/en\/wp-json\/wp\/v2\/comments?post=6370"}],"version-history":[{"count":4,"href":"https:\/\/www.bundesverband-flachglas.de\/en\/wp-json\/wp\/v2\/pages\/6370\/revisions"}],"predecessor-version":[{"id":12269,"href":"https:\/\/www.bundesverband-flachglas.de\/en\/wp-json\/wp\/v2\/pages\/6370\/revisions\/12269"}],"wp:attachment":[{"href":"https:\/\/www.bundesverband-flachglas.de\/en\/wp-json\/wp\/v2\/media?parent=6370"}],"curies":[{"name":"wp","href":"https:\/\/api.w.org\/{rel}","templated":true}]}}